{"id":5,"date":"2023-06-07T18:35:18","date_gmt":"2023-06-07T18:35:18","guid":{"rendered":"https:\/\/rutzkau.de\/?page_id=5"},"modified":"2023-06-06T16:39:27","modified_gmt":"2023-06-06T16:39:27","slug":"willkommen","status":"publish","type":"page","link":"https:\/\/rutzkau.de\/?page_id=5","title":{"rendered":""},"content":{"rendered":"\n<figure class=\"wp-block-image size-large is-resized\"><img loading=\"lazy\" decoding=\"async\" src=\"https:\/\/rutzkau.de\/wp-content\/uploads\/2023\/05\/Rutzkau_schmal1-3-1024x119.jpg\" alt=\"\" class=\"wp-image-10\" width=\"651\" height=\"75\" srcset=\"https:\/\/rutzkau.de\/wp-content\/uploads\/2023\/05\/Rutzkau_schmal1-3-1024x119.jpg 1024w, https:\/\/rutzkau.de\/wp-content\/uploads\/2023\/05\/Rutzkau_schmal1-3-300x35.jpg 300w, https:\/\/rutzkau.de\/wp-content\/uploads\/2023\/05\/Rutzkau_schmal1-3-768x89.jpg 768w, https:\/\/rutzkau.de\/wp-content\/uploads\/2023\/05\/Rutzkau_schmal1-3-1536x179.jpg 1536w, https:\/\/rutzkau.de\/wp-content\/uploads\/2023\/05\/Rutzkau_schmal1-3-2048x239.jpg 2048w\" sizes=\"auto, (max-width: 651px) 100vw, 651px\" \/><\/figure>\n\n\n\n<h2 class=\"wp-block-heading has-text-align-center\">Willkommen<\/h2>\n\n\n\n<p class=\"has-text-align-center\"><strong>in<\/strong><\/p>\n\n\n\n<h1 class=\"wp-block-heading\">                Rutzkau<\/h1>\n\n\n\n<p class=\"has-text-align-center\">ein vertr\u00e4umtes kleines Dorf<\/p>\n\n\n\n<p class=\"has-text-align-center\">in der Niederlausitz<\/p>\n\n\n\n<figure class=\"wp-block-image size-large\"><img loading=\"lazy\" decoding=\"async\" width=\"1024\" height=\"898\" src=\"https:\/\/rutzkau.de\/wp-content\/uploads\/2023\/05\/Bild_2023-05-20_114654580-1024x898.png\" alt=\"\" class=\"wp-image-11\" srcset=\"https:\/\/rutzkau.de\/wp-content\/uploads\/2023\/05\/Bild_2023-05-20_114654580-1024x898.png 1024w, https:\/\/rutzkau.de\/wp-content\/uploads\/2023\/05\/Bild_2023-05-20_114654580-300x263.png 300w, https:\/\/rutzkau.de\/wp-content\/uploads\/2023\/05\/Bild_2023-05-20_114654580-768x673.png 768w, https:\/\/rutzkau.de\/wp-content\/uploads\/2023\/05\/Bild_2023-05-20_114654580.png 1056w\" sizes=\"auto, (max-width: 1024px) 100vw, 1024px\" \/><\/figure>\n\n\n\n<p class=\"has-text-align-center has-primary-background-color has-background has-large-font-size\"><strong>Ein freier Mensch<\/strong> &nbsp; &nbsp; &nbsp; &nbsp;<br>&nbsp; &nbsp; &nbsp; &nbsp; &nbsp;<br>Ich will unter keinen Umst\u00e4nden ein Allerweltsmensch sein.<br>Ich habe ein Recht darauf, aus dem Rahmen zu fallen,<br>wenn ich es kann.<br><br>Ich w\u00fcnsche mir Chancen, keine Sicherheiten.<br>Ich will kein ausgehaltener B\u00fcrger sein, gedem\u00fctigt, abgestumpft,<br>nur, weil der Staat f\u00fcr mich sorgt.<br><br>Ich will dem Risiko begegnen, mich nach etwas sehnen<br>und es verwirklichen,<br>Schiffbruch erleiden und Erfolg haben.<br>Ich lehne es ab, mir den eigenen Antrieb<br>mit einem Taschengeld abkaufen zu lassen.<br><br>Lieber will ich den Schwierigkeiten des Lebens entgegentreten,<br>als ein gesichertes Dasein zu f\u00fchren,<br>lieber die gespannte Erregung &nbsp;des eigenen Erfolgs,<br>als die dumpfe Unruhe Utopiens.<br><br>Ich will weder meine Freiheit gegen Wohltaten hergeben,<br>noch meine Menschenw\u00fcrde gegen milde Gaben.<br>Ich habe gelernt, selbst f\u00fcr mich zu denken<br>und zu bekennen: das ist mein Werk.<br>Dies alles ist gemeint, wenn wir sagen:<br>Ich bin&nbsp;<em>ein freier Mensch.<\/em><\/p>\n\n\n<p style=\"text-align: right;\">Albert Schweitzer<\/p>\n\n\n<p><\/p>\n\n\n\n<p><\/p>\n\n\n\n<p><\/p>\n\n\n\n<p><\/p>\n\n\n\n<div class=\"wp-block-group is-vertical is-layout-flex wp-container-core-group-is-layout-fe9cc265 wp-block-group-is-layout-flex\"><\/div>\n\n\n\n<div class=\"wp-block-group is-vertical is-layout-flex wp-container-core-group-is-layout-fe9cc265 wp-block-group-is-layout-flex\"><\/div>\n","protected":false},"excerpt":{"rendered":"<p>Willkommen in Rutzkau ein vertr\u00e4umtes kleines Dorf in der Niederlausitz Ein freier Mensch &nbsp; &nbsp; &nbsp; &nbsp;&nbsp; &nbsp; &nbsp; &nbsp; &nbsp;Ich will unter keinen Umst\u00e4nden ein Allerweltsmensch sein.Ich habe ein Recht darauf, aus dem Rahmen zu fallen,wenn ich es kann. Ich w\u00fcnsche mir Chancen, keine Sicherheiten.Ich will kein ausgehaltener B\u00fcrger sein, gedem\u00fctigt, abgestumpft,nur, weil der [&hellip;]<\/p>\n","protected":false},"author":1,"featured_media":0,"parent":0,"menu_order":0,"comment_status":"closed","ping_status":"closed","template":"","meta":{"footnotes":""},"class_list":["post-5","page","type-page","status-publish","hentry"],"_links":{"self":[{"href":"https:\/\/rutzkau.de\/index.php?rest_route=\/wp\/v2\/pages\/5","targetHints":{"allow":["GET"]}}],"collection":[{"href":"https:\/\/rutzkau.de\/index.php?rest_route=\/wp\/v2\/pages"}],"about":[{"href":"https:\/\/rutzkau.de\/index.php?rest_route=\/wp\/v2\/types\/page"}],"author":[{"embeddable":true,"href":"https:\/\/rutzkau.de\/index.php?rest_route=\/wp\/v2\/users\/1"}],"replies":[{"embeddable":true,"href":"https:\/\/rutzkau.de\/index.php?rest_route=%2Fwp%2Fv2%2Fcomments&post=5"}],"version-history":[{"count":6,"href":"https:\/\/rutzkau.de\/index.php?rest_route=\/wp\/v2\/pages\/5\/revisions"}],"predecessor-version":[{"id":30,"href":"https:\/\/rutzkau.de\/index.php?rest_route=\/wp\/v2\/pages\/5\/revisions\/30"}],"wp:attachment":[{"href":"https:\/\/rutzkau.de\/index.php?rest_route=%2Fwp%2Fv2%2Fmedia&parent=5"}],"curies":[{"name":"wp","href":"https:\/\/api.w.org\/{rel}","templated":true}]}}